{"id":545,"date":"2015-02-06T12:36:41","date_gmt":"2015-02-06T11:36:41","guid":{"rendered":"http:\/\/www.calunenie-eddyart.sk\/?page_id=545"},"modified":"2019-10-07T18:49:14","modified_gmt":"2019-10-07T17:49:14","slug":"kontakt-2","status":"publish","type":"page","link":"https:\/\/www.calunenie-eddyart.sk\/?page_id=545","title":{"rendered":"Kontakt"},"content":{"rendered":"<p>[et_pb_section fb_built=&#8220;1&#8243; fullwidth=&#8220;on&#8220; admin_label=&#8220;section&#8220; _builder_version=&#8220;3.22&#8243; background_color=&#8220;#f2f2f2&#8243; transparent_background=&#8220;off&#8220; fb_built=&#8220;1&#8243; _i=&#8220;0&#8243; _address=&#8220;0&#8243; disabled_on=&#8220;on|on|on&#8220; disabled=&#8220;on&#8220;][et_pb_fullwidth_map address=&#8220;V\u010del\u00e1rska 510\/1, 971 01 Prievidza, Slovensko&#8220; zoom_level=&#8220;15&#8243; address_lat=&#8220;48.77706463181758&#8243; address_lng=&#8220;18.631220947559086&#8243; mouse_wheel=&#8220;off&#8220; admin_label=&#8220;Mapa na cel\u00fa \u0161\u00edrku&#8220; module_id=&#8220;db06&#8243; _builder_version=&#8220;3.29.3&#8243; hover_enabled=&#8220;0&#8243; saved_tabs=&#8220;all&#8220; _i=&#8220;0&#8243; _address=&#8220;0.0&#8243;][et_pb_map_pin title=&#8220;\u010cAL\u00daNENIE-EDDYART&#8220; pin_address=&#8220;V\u010del\u00e1rska 510\/1, 971 01 Prievidza, Slovensko&#8220; pin_address_lat=&#8220;48.77766727001363&#8243; pin_address_lng=&#8220;18.628972452101152&#8243; _builder_version=&#8220;3.29.3&#8243; _i=&#8220;0&#8243; _address=&#8220;0.0.0&#8243; hover_enabled=&#8220;0&#8243;][\/et_pb_map_pin][\/et_pb_fullwidth_map][et_pb_fullwidth_header title=&#8220;Prev\u00e1dzka: V\u010del\u00e1rska 1 (Are\u00e1l KOVOSPOLU) PRIEVIDZA&#8220; subhead=&#8220;TELEF\u00d3N: +421 915 282 180, +421 917 712 203&#8243; text_orientation=&#8220;center&#8220; content_max_width=&#8220;none&#8220; admin_label=&#8220;Hlavi\u010dka na cel\u00fa \u0161\u00edrku&#8220; _builder_version=&#8220;3.16&#8243; background_color=&#8220;rgba(255, 255, 255, 0)&#8220; background_layout=&#8220;light&#8220; button_one_letter_spacing_hover=&#8220;0&#8243; button_two_letter_spacing_hover=&#8220;0&#8243; _i=&#8220;1&#8243; _address=&#8220;0.1&#8243; button_one_text_size__hover_enabled=&#8220;off&#8220; button_two_text_size__hover_enabled=&#8220;off&#8220; button_one_text_color__hover_enabled=&#8220;off&#8220; button_two_text_color__hover_enabled=&#8220;off&#8220; button_one_border_width__hover_enabled=&#8220;off&#8220; button_two_border_width__hover_enabled=&#8220;off&#8220; button_one_border_color__hover_enabled=&#8220;off&#8220; button_two_border_color__hover_enabled=&#8220;off&#8220; button_one_border_radius__hover_enabled=&#8220;off&#8220; button_two_border_radius__hover_enabled=&#8220;off&#8220; button_one_letter_spacing__hover_enabled=&#8220;on&#8220; button_one_letter_spacing__hover=&#8220;0&#8243; button_two_letter_spacing__hover_enabled=&#8220;on&#8220; button_two_letter_spacing__hover=&#8220;0&#8243; button_one_bg_color__hover_enabled=&#8220;off&#8220; button_two_bg_color__hover_enabled=&#8220;off&#8220;]<\/p>\n<h5 style=\"text-align: center;\"><span style=\"color: #000000;\">Na Karasiny 61\/10, Prievidza<\/span><\/h5>\n<p>[\/et_pb_fullwidth_header][\/et_pb_section][et_pb_section fb_built=&#8220;1&#8243; fullwidth=&#8220;on&#8220; _builder_version=&#8220;3.29.3&#8243; fb_built=&#8220;1&#8243; _i=&#8220;1&#8243; _address=&#8220;1&#8243;][\/et_pb_section][et_pb_section fb_built=&#8220;1&#8243; admin_label=&#8220;section&#8220; _builder_version=&#8220;3.22&#8243; background_color=&#8220;#ffffff&#8220; transparent_background=&#8220;off&#8220; fb_built=&#8220;1&#8243; _i=&#8220;2&#8243; _address=&#8220;2&#8243;][et_pb_row column_structure=&#8220;1_3,1_3,1_3&#8243; admin_label=&#8220;row&#8220; _builder_version=&#8220;3.25&#8243; background_size=&#8220;initial&#8220; background_position=&#8220;top_left&#8220; background_repeat=&#8220;repeat&#8220; _i=&#8220;0&#8243; _address=&#8220;2.0&#8243;][et_pb_column type=&#8220;1_3&#8243; _builder_version=&#8220;3.25&#8243; custom_padding=&#8220;|||&#8220; _i=&#8220;0&#8243; _address=&#8220;2.0.0&#8243; custom_padding__hover=&#8220;|||&#8220;][et_pb_text admin_label=&#8220;Text&#8220; _builder_version=&#8220;3.27.4&#8243; background_size=&#8220;initial&#8220; background_position=&#8220;top_left&#8220; background_repeat=&#8220;repeat&#8220; use_border_color=&#8220;off&#8220; border_color=&#8220;#ffffff&#8220; border_style=&#8220;solid&#8220; _i=&#8220;0&#8243; _address=&#8220;2.0.0.0&#8243;]<\/p>\n<h4 style=\"text-align: center;\"><span style=\"color: #656565;\">\u010cAL\u00daNNICTVO\u00a0<\/span><\/h4>\n<h4 style=\"text-align: center;\"><span style=\"color: #656565;\">EDDYART, s.r.o.<\/span><\/h4>\n<h4 style=\"text-align: center;\"><span style=\"color: #656565;\">I\u010cO:\u00a050335987<\/span><\/h4>\n<h4 style=\"text-align: center;\"><span style=\"color: #656565;\">Na karasiny 61\/10 PRIEVIDZA <\/span><\/h4>\n<h4 style=\"text-align: center;\">\u00a0<span style=\"color: #656565;\">PREV\u00c1DZKA: V\u010del\u00e1rska 1 (Are\u00e1l KOVOSPOLU)<\/span><\/h4>\n<h4 style=\"text-align: center;\"><span style=\"color: #656565;\">eddyart@calunenie-eddyart.sk<\/span><\/h4>\n<p>[\/et_pb_text][\/et_pb_column][et_pb_column type=&#8220;1_3&#8243; _builder_version=&#8220;3.25&#8243; custom_padding=&#8220;|||&#8220; _i=&#8220;1&#8243; _address=&#8220;2.0.1&#8243; custom_padding__hover=&#8220;|||&#8220;][et_pb_divider show_divider=&#8220;off&#8220; disabled_on=&#8220;on|on|off&#8220; admin_label=&#8220;Odde\u013eova\u010d&#8220; _builder_version=&#8220;3.23.4&#8243; height=&#8220;15px&#8220; _i=&#8220;0&#8243; _address=&#8220;2.0.1.0&#8243;] [\/et_pb_divider][et_pb_text admin_label=&#8220;Text&#8220; _builder_version=&#8220;3.27.4&#8243; background_size=&#8220;initial&#8220; background_position=&#8220;top_left&#8220; background_repeat=&#8220;repeat&#8220; text_orientation=&#8220;center&#8220; module_alignment=&#8220;center&#8220; use_border_color=&#8220;off&#8220; border_color=&#8220;#ffffff&#8220; border_style=&#8220;solid&#8220; _i=&#8220;1&#8243; _address=&#8220;2.0.1.1&#8243;]<\/p>\n<h4 style=\"text-align: center;\"><span style=\"color: #656565;\">Kontakt Eduard<\/span><\/h4>\n<h4 style=\"text-align: center;\"><span style=\"color: #656565;\">email: eddyart.sk@gmail.com<\/span><\/h4>\n<h4 style=\"text-align: center;\"><span style=\"color: #656565;\">telef\u00f3n: +421 917 712 203<\/span><\/h4>\n<p>[\/et_pb_text][\/et_pb_column][et_pb_column type=&#8220;1_3&#8243; _builder_version=&#8220;3.25&#8243; custom_padding=&#8220;|||&#8220; _i=&#8220;2&#8243; _address=&#8220;2.0.2&#8243; custom_padding__hover=&#8220;|||&#8220;][et_pb_divider show_divider=&#8220;off&#8220; disabled_on=&#8220;on|on|off&#8220; admin_label=&#8220;Odde\u013eova\u010d&#8220; _builder_version=&#8220;3.23.4&#8243; height=&#8220;15px&#8220; _i=&#8220;0&#8243; _address=&#8220;2.0.2.0&#8243;] [\/et_pb_divider][et_pb_text admin_label=&#8220;Text&#8220; _builder_version=&#8220;3.27.4&#8243; background_size=&#8220;initial&#8220; background_position=&#8220;top_left&#8220; background_repeat=&#8220;repeat&#8220; text_orientation=&#8220;center&#8220; module_alignment=&#8220;center&#8220; use_border_color=&#8220;off&#8220; border_color=&#8220;#ffffff&#8220; border_style=&#8220;solid&#8220; _i=&#8220;1&#8243; _address=&#8220;2.0.2.1&#8243;]<\/p>\n<h4 style=\"text-align: center;\"><span style=\"color: #656565;\">Kontakt Stanka<\/span><\/h4>\n<h4 style=\"text-align: center;\"><span style=\"color: #656565;\">email:\u00a0<\/span><span>eddyart.sk@gmail.com<\/span><\/h4>\n<h4 style=\"text-align: center;\"><span style=\"color: #656565;\">telef\u00f3n: +421 915 282 180<\/span><\/h4>\n<p>[\/et_pb_text][\/et_pb_column][\/et_pb_row][et_pb_row column_structure=&#8220;1_4,1_4,1_2&#8243; admin_label=&#8220;row&#8220; _builder_version=&#8220;3.25&#8243; background_size=&#8220;initial&#8220; background_position=&#8220;top_left&#8220; background_repeat=&#8220;repeat&#8220; _i=&#8220;1&#8243; _address=&#8220;2.1&#8243;][et_pb_column type=&#8220;1_4&#8243; _builder_version=&#8220;3.25&#8243; custom_padding=&#8220;|||&#8220; _i=&#8220;0&#8243; _address=&#8220;2.1.0&#8243; custom_padding__hover=&#8220;|||&#8220;][et_pb_text admin_label=&#8220;Text&#8220; _builder_version=&#8220;3.27.4&#8243; background_size=&#8220;initial&#8220; background_position=&#8220;top_left&#8220; background_repeat=&#8220;repeat&#8220; text_orientation=&#8220;right&#8220; use_border_color=&#8220;off&#8220; border_color=&#8220;#ffffff&#8220; border_style=&#8220;solid&#8220; _i=&#8220;0&#8243; _address=&#8220;2.1.0.0&#8243;]<\/p>\n<h4 style=\"text-align: right;\"><a title=\"Facebook eddyart\" href=\"https:\/\/www.facebook.com\/calunenieeddyart\" target=\"_blank\" rel=\"noopener noreferrer\"><span style=\"color: #656565;\">Nav\u0161t\u00edvte n\u00e1s na facebooku<\/span><\/a><\/h4>\n<p>[\/et_pb_text][et_pb_divider show_divider=&#8220;off&#8220; disabled_on=&#8220;on|on|off&#8220; admin_label=&#8220;Odde\u013eova\u010d&#8220; _builder_version=&#8220;3.2&#8243; height=&#8220;0,1&#8243; hide_on_mobile=&#8220;on&#8220; _i=&#8220;1&#8243; _address=&#8220;2.1.0.1&#8243;] [\/et_pb_divider][\/et_pb_column][et_pb_column type=&#8220;1_4&#8243; _builder_version=&#8220;3.25&#8243; custom_padding=&#8220;|||&#8220; _i=&#8220;1&#8243; _address=&#8220;2.1.1&#8243; custom_padding__hover=&#8220;|||&#8220;][et_pb_social_media_follow admin_label=&#8220;Sledovanie v soci\u00e1lnych m\u00e9di\u00e1ch&#8220; _builder_version=&#8220;3.0.87&#8243; link_shape=&#8220;rounded_rectangle&#8220; _i=&#8220;0&#8243; _address=&#8220;2.1.1.0&#8243;][et_pb_social_media_follow_network social_network=&#8220;facebook&#8220; url=&#8220;https:\/\/www.facebook.com\/calunenieeddyart&#8220; _builder_version=&#8220;3.0.74&#8243; background_color=&#8220;#3b5998&#8243; bg_color=&#8220;#3b5998&#8243; _i=&#8220;0&#8243; _address=&#8220;2.1.1.0.0&#8243; link_shape=&#8220;rounded_rectangle&#8220; follow_button=&#8220;off&#8220; url_new_window=&#8220;on&#8220;]Facebook[\/et_pb_social_media_follow_network][\/et_pb_social_media_follow][\/et_pb_column][et_pb_column type=&#8220;1_2&#8243; _builder_version=&#8220;3.25&#8243; custom_padding=&#8220;|||&#8220; _i=&#8220;2&#8243; _address=&#8220;2.1.2&#8243; custom_padding__hover=&#8220;|||&#8220;][et_pb_text admin_label=&#8220;Text&#8220; _builder_version=&#8220;3.27.4&#8243; background_size=&#8220;initial&#8220; background_position=&#8220;top_left&#8220; background_repeat=&#8220;repeat&#8220; _i=&#8220;0&#8243; _address=&#8220;2.1.2.0&#8243;]<\/p>\n<h6><span style=\"color: #ffffff;\">\u010dal\u00fanenie, \u010dal\u00fannictvo, Prievidza, seda\u010dky, sedacie s\u00fapravy, postele, auto\u010dal\u00fanenie, ko\u017een\u00e9, l\u00e1tkov\u00e9, na mieru, roz\u0165ahovacie, funk\u010dn\u00e9, luxusn\u00e9, komfortn\u00e9, modern\u00e9,<\/span><\/h6>\n<p>[\/et_pb_text][\/et_pb_column][\/et_pb_row][et_pb_row admin_label=&#8220;row&#8220; _builder_version=&#8220;3.25&#8243; background_size=&#8220;initial&#8220; background_position=&#8220;top_left&#8220; background_repeat=&#8220;repeat&#8220; _i=&#8220;2&#8243; _address=&#8220;2.2&#8243;][et_pb_column type=&#8220;4_4&#8243; _builder_version=&#8220;3.25&#8243; custom_padding=&#8220;|||&#8220; _i=&#8220;0&#8243; _address=&#8220;2.2.0&#8243; custom_padding__hover=&#8220;|||&#8220;][et_pb_contact_form email=&#8220;eddyart.sk@gmail.com&#8220; title=&#8220;Nap\u00ed\u0161te n\u00e1m&#8220; admin_label=&#8220;Kontaktn\u00fd formul\u00e1r&#8220; _builder_version=&#8220;3.29.3&#8243; hover_enabled=&#8220;0&#8243; use_border_color=&#8220;off&#8220; border_color=&#8220;#ffffff&#8220; border_style=&#8220;solid&#8220; button_letter_spacing_hover=&#8220;0&#8243; _i=&#8220;0&#8243; _address=&#8220;2.2.0.0&#8243;][et_pb_contact_field field_id=&#8220;Name&#8220; field_title=&#8220;Meno&#8220; _builder_version=&#8220;3.16&#8243; _i=&#8220;0&#8243; _address=&#8220;2.2.0.0.0&#8243; button_text_size__hover_enabled=&#8220;off&#8220; button_one_text_size__hover_enabled=&#8220;off&#8220; button_two_text_size__hover_enabled=&#8220;off&#8220; button_text_color__hover_enabled=&#8220;off&#8220; button_one_text_color__hover_enabled=&#8220;off&#8220; button_two_text_color__hover_enabled=&#8220;off&#8220; button_border_width__hover_enabled=&#8220;off&#8220; button_one_border_width__hover_enabled=&#8220;off&#8220; button_two_border_width__hover_enabled=&#8220;off&#8220; button_border_color__hover_enabled=&#8220;off&#8220; button_one_border_color__hover_enabled=&#8220;off&#8220; button_two_border_color__hover_enabled=&#8220;off&#8220; button_border_radius__hover_enabled=&#8220;off&#8220; button_one_border_radius__hover_enabled=&#8220;off&#8220; button_two_border_radius__hover_enabled=&#8220;off&#8220; button_letter_spacing__hover_enabled=&#8220;off&#8220; button_one_letter_spacing__hover_enabled=&#8220;off&#8220; button_two_letter_spacing__hover_enabled=&#8220;off&#8220; button_bg_color__hover_enabled=&#8220;off&#8220; button_one_bg_color__hover_enabled=&#8220;off&#8220; button_two_bg_color__hover_enabled=&#8220;off&#8220;][\/et_pb_contact_field][et_pb_contact_field field_id=&#8220;Email&#8220; field_title=&#8220;E-mailov\u00e1 adresa&#8220; field_type=&#8220;email&#8220; _builder_version=&#8220;3.16&#8243; hover_enabled=&#8220;0&#8243; _i=&#8220;1&#8243; _address=&#8220;2.2.0.0.1&#8243; button_text_size__hover_enabled=&#8220;off&#8220; button_one_text_size__hover_enabled=&#8220;off&#8220; button_two_text_size__hover_enabled=&#8220;off&#8220; button_text_color__hover_enabled=&#8220;off&#8220; button_one_text_color__hover_enabled=&#8220;off&#8220; button_two_text_color__hover_enabled=&#8220;off&#8220; button_border_width__hover_enabled=&#8220;off&#8220; button_one_border_width__hover_enabled=&#8220;off&#8220; button_two_border_width__hover_enabled=&#8220;off&#8220; button_border_color__hover_enabled=&#8220;off&#8220; button_one_border_color__hover_enabled=&#8220;off&#8220; button_two_border_color__hover_enabled=&#8220;off&#8220; button_border_radius__hover_enabled=&#8220;off&#8220; button_one_border_radius__hover_enabled=&#8220;off&#8220; button_two_border_radius__hover_enabled=&#8220;off&#8220; button_letter_spacing__hover_enabled=&#8220;off&#8220; button_one_letter_spacing__hover_enabled=&#8220;off&#8220; button_two_letter_spacing__hover_enabled=&#8220;off&#8220; button_bg_color__hover_enabled=&#8220;off&#8220; button_one_bg_color__hover_enabled=&#8220;off&#8220; button_two_bg_color__hover_enabled=&#8220;off&#8220;][\/et_pb_contact_field][et_pb_contact_field field_id=&#8220;Message&#8220; field_title=&#8220;E-mailov\u00e1 spr\u00e1va&#8220; field_type=&#8220;text&#8220; fullwidth_field=&#8220;on&#8220; _builder_version=&#8220;3.16&#8243; _i=&#8220;2&#8243; _address=&#8220;2.2.0.0.2&#8243; button_text_size__hover_enabled=&#8220;off&#8220; button_one_text_size__hover_enabled=&#8220;off&#8220; button_two_text_size__hover_enabled=&#8220;off&#8220; button_text_color__hover_enabled=&#8220;off&#8220; button_one_text_color__hover_enabled=&#8220;off&#8220; button_two_text_color__hover_enabled=&#8220;off&#8220; button_border_width__hover_enabled=&#8220;off&#8220; button_one_border_width__hover_enabled=&#8220;off&#8220; button_two_border_width__hover_enabled=&#8220;off&#8220; button_border_color__hover_enabled=&#8220;off&#8220; button_one_border_color__hover_enabled=&#8220;off&#8220; button_two_border_color__hover_enabled=&#8220;off&#8220; button_border_radius__hover_enabled=&#8220;off&#8220; button_one_border_radius__hover_enabled=&#8220;off&#8220; button_two_border_radius__hover_enabled=&#8220;off&#8220; button_letter_spacing__hover_enabled=&#8220;off&#8220; button_one_letter_spacing__hover_enabled=&#8220;off&#8220; button_two_letter_spacing__hover_enabled=&#8220;off&#8220; button_bg_color__hover_enabled=&#8220;off&#8220; button_one_bg_color__hover_enabled=&#8220;off&#8220; button_two_bg_color__hover_enabled=&#8220;off&#8220;][\/et_pb_contact_field][\/et_pb_contact_form][\/et_pb_column][\/et_pb_row][et_pb_row admin_label=&#8220;row&#8220; _builder_version=&#8220;3.25&#8243; background_size=&#8220;initial&#8220; background_position=&#8220;top_left&#8220; background_repeat=&#8220;repeat&#8220; _i=&#8220;3&#8243; _address=&#8220;2.3&#8243;][et_pb_column type=&#8220;4_4&#8243; _builder_version=&#8220;3.25&#8243; custom_padding=&#8220;|||&#8220; _i=&#8220;0&#8243; _address=&#8220;2.3.0&#8243; custom_padding__hover=&#8220;|||&#8220;][et_pb_text admin_label=&#8220;Text&#8220; _builder_version=&#8220;3.27.4&#8243; background_size=&#8220;initial&#8220; background_position=&#8220;top_left&#8220; background_repeat=&#8220;repeat&#8220; _i=&#8220;0&#8243; _address=&#8220;2.3.0.0&#8243;]<span style=\"color: #ffffff;\">\u010dal\u00fanenie, \u010dal\u00fannictvo, \u010dal\u00fannick\u00e9-slu\u017eby, Prievidza, seda\u010dky, sedacie s\u00fapravy, postele, auto\u010dal\u00fanenie, ko\u017een\u00e9, l\u00e1tkov\u00e9, na mieru, roz\u0165ahovacie, funk\u010dn\u00e9, luxusn\u00e9, komfortn\u00e9, modern\u00e9,<\/span><br \/>\n[\/et_pb_text][\/et_pb_column][\/et_pb_row][\/et_pb_section]<\/p>\n","protected":false},"excerpt":{"rendered":"<p>Na Karasiny 61\/10, Prievidza \u010cAL\u00daNNICTVO\u00a0 EDDYART, s.r.o. I\u010cO:\u00a050335987 Na karasiny 61\/10 PRIEVIDZA \u00a0PREV\u00c1DZKA: V\u010del\u00e1rska 1 (Are\u00e1l KOVOSPOLU) eddyart@calunenie-eddyart.sk Kontakt Eduard email: eddyart.sk@gmail.com telef\u00f3n: +421 917 712 203 Kontakt Stanka email:\u00a0eddyart.sk@gmail.com telef\u00f3n: +421 915 282 180Nav\u0161t\u00edvte n\u00e1s na facebooku \u010dal\u00fanenie, \u010dal\u00fannictvo, Prievidza, seda\u010dky, sedacie s\u00fapravy, postele, auto\u010dal\u00fanenie, ko\u017een\u00e9, l\u00e1tkov\u00e9, na mieru, roz\u0165ahovacie, funk\u010dn\u00e9, luxusn\u00e9, komfortn\u00e9, modern\u00e9, [&hellip;]<\/p>\n","protected":false},"author":1,"featured_media":0,"parent":0,"menu_order":0,"comment_status":"closed","ping_status":"open","template":"","meta":{"_et_pb_use_builder":"on","_et_pb_old_content":"","_et_gb_content_width":"","footnotes":""},"_links":{"self":[{"href":"https:\/\/www.calunenie-eddyart.sk\/index.php?rest_route=\/wp\/v2\/pages\/545"}],"collection":[{"href":"https:\/\/www.calunenie-eddyart.sk\/index.php?rest_route=\/wp\/v2\/pages"}],"about":[{"href":"https:\/\/www.calunenie-eddyart.sk\/index.php?rest_route=\/wp\/v2\/types\/page"}],"author":[{"embeddable":true,"href":"https:\/\/www.calunenie-eddyart.sk\/index.php?rest_route=\/wp\/v2\/users\/1"}],"replies":[{"embeddable":true,"href":"https:\/\/www.calunenie-eddyart.sk\/index.php?rest_route=%2Fwp%2Fv2%2Fcomments&post=545"}],"version-history":[{"count":56,"href":"https:\/\/www.calunenie-eddyart.sk\/index.php?rest_route=\/wp\/v2\/pages\/545\/revisions"}],"predecessor-version":[{"id":3621,"href":"https:\/\/www.calunenie-eddyart.sk\/index.php?rest_route=\/wp\/v2\/pages\/545\/revisions\/3621"}],"wp:attachment":[{"href":"https:\/\/www.calunenie-eddyart.sk\/index.php?rest_route=%2Fwp%2Fv2%2Fmedia&parent=545"}],"curies":[{"name":"wp","href":"https:\/\/api.w.org\/{rel}","templated":true}]}}