{"id":66,"date":"2015-01-27T14:17:12","date_gmt":"2015-01-27T13:17:12","guid":{"rendered":"http:\/\/www.calunenie-eddyart.sk\/?page_id=66"},"modified":"2018-07-06T14:23:11","modified_gmt":"2018-07-06T13:23:11","slug":"ponuka","status":"publish","type":"page","link":"https:\/\/www.calunenie-eddyart.sk\/?page_id=66","title":{"rendered":"Ponuka"},"content":{"rendered":"<p>[et_pb_section bb_built=&#8220;1&#8243; admin_label=&#8220;section&#8220; fullwidth=&#8220;off&#8220; specialty=&#8220;off&#8220; transparent_background=&#8220;off&#8220; background_color=&#8220;#f2f2f2&#8243; allow_player_pause=&#8220;off&#8220; inner_shadow=&#8220;on&#8220; parallax=&#8220;off&#8220; parallax_method=&#8220;off&#8220;][et_pb_row admin_label=&#8220;row&#8220; background_position=&#8220;top_left&#8220; background_repeat=&#8220;repeat&#8220; background_size=&#8220;initial&#8220;][et_pb_column type=&#8220;1_3&#8243;][et_pb_text admin_label=&#8220;seda\u010dky&#8220; text_orientation=&#8220;center&#8220; background_position=&#8220;top_left&#8220; background_repeat=&#8220;repeat&#8220; background_size=&#8220;initial&#8220; module_alignment=&#8220;center&#8220; _builder_version=&#8220;3.5.1&#8243;]<\/p>\n<h2 style=\"text-align: center;\"><a href=\"http:\/\/www.calunenie-eddyart.sk\/?page_id=68\"><span style=\"color: #656565;\">Seda\u010dky, Sedacie s\u00fapravy<\/span><\/a><\/h2>\n<p>[\/et_pb_text][et_pb_divider color=&#8220;#ffffff&#8220; show_divider=&#8220;off&#8220; height=&#8220;25&#8243; disabled_on=&#8220;on|on|off&#8220;]<\/p>\n<p>&nbsp;<\/p>\n<p>[\/et_pb_divider][et_pb_image admin_label=&#8220;ponuka sedacky&#8220; src=&#8220;http:\/\/www.calunenie-eddyart.sk\/eddy\/wp-content\/uploads\/2015\/01\/sedacka-galeria01-luxusne-calunene-kozene-latkove-sedacie-supravy-7.jpg&#8220; url=&#8220;http:\/\/www.calunenie-eddyart.sk\/?page_id=68&#8243; url_new_window=&#8220;on&#8220; alt=&#8220;Seda\u010dky, Sedacie s\u00fapravy&#8220; title_text=&#8220;Seda\u010dky, Sedacie s\u00fapravy&#8220; animation_style=&#8220;fade&#8220; animation_duration=&#8220;500ms&#8220; animation_intensity_slide=&#8220;10%&#8220; _builder_version=&#8220;3.5.1&#8243;]<\/p>\n<p>&nbsp;<\/p>\n<p>[\/et_pb_image][\/et_pb_column][et_pb_column type=&#8220;1_3&#8243;][et_pb_text admin_label=&#8220;Postele&#8220; text_orientation=&#8220;center&#8220; background_position=&#8220;top_left&#8220; background_repeat=&#8220;repeat&#8220; background_size=&#8220;initial&#8220; module_alignment=&#8220;center&#8220; _builder_version=&#8220;3.5.1&#8243;]<\/p>\n<h2 style=\"text-align: center;\"><a href=\"http:\/\/www.calunenie-eddyart.sk\/?page_id=72\"><span style=\"color: #656565;\">Postele<\/span><\/a><\/h2>\n<p>[\/et_pb_text][et_pb_divider color=&#8220;#ffffff&#8220; show_divider=&#8220;off&#8220; height=&#8220;5&#8243; disabled_on=&#8220;on|on|off&#8220;]<\/p>\n<p>&nbsp;<\/p>\n<p>[\/et_pb_divider][et_pb_image admin_label=&#8220;ponuka postele&#8220; src=&#8220;http:\/\/www.calunenie-eddyart.sk\/eddy\/wp-content\/uploads\/2015\/02\/postele-galeria01-luxusne-calunene-kozene-latkove-5.jpg&#8220; title_text=&#8220;Postele&#8220; url=&#8220;http:\/\/www.calunenie-eddyart.sk\/?page_id=72&#8243; url_new_window=&#8220;on&#8220; alt=&#8220;Postele&#8220; animation_style=&#8220;fade&#8220; animation_duration=&#8220;500ms&#8220; animation_intensity_slide=&#8220;10%&#8220; _builder_version=&#8220;3.5.1&#8243;]<\/p>\n<p>&nbsp;<\/p>\n<p>[\/et_pb_image][\/et_pb_column][et_pb_column type=&#8220;1_3&#8243;][et_pb_text background_layout=&#8220;light&#8220; text_orientation=&#8220;center&#8220; use_border_color=&#8220;off&#8220; border_color=&#8220;#ffffff&#8220; border_style=&#8220;solid&#8220; background_position=&#8220;top_left&#8220; background_repeat=&#8220;repeat&#8220; background_size=&#8220;initial&#8220; module_alignment=&#8220;center&#8220;]<\/p>\n<h2 style=\"text-align: center;\"><span style=\"color: #656565;\"><a title=\"Auto\u010dal\u00fanenie\" href=\"http:\/\/www.calunenie-eddyart.sk\/ponuka\/autosedacky\/\" target=\"_blank\" rel=\"noopener\">Auto\u010dal\u00fanenie<\/a>\u00a0POZASTAVEN\u00c9 !!!<\/span><\/h2>\n<p>[\/et_pb_text][et_pb_image admin_label=&#8220;Auto\u010dal\u00fanenie&#8220; src=&#8220;http:\/\/www.calunenie-eddyart.sk\/eddy\/wp-content\/uploads\/2015\/02\/autosedacky-galeria01-autocalunenie-precalunenie-autointerier-kozene-latkove-29.jpg&#8220; title_text=&#8220;Autocalunenie&#8220; show_in_lightbox=&#8220;off&#8220; url=&#8220;http:\/\/www.calunenie-eddyart.sk\/ponuka\/autosedacky\/&#8220; url_new_window=&#8220;on&#8220; animation=&#8220;fade_in&#8220; sticky=&#8220;off&#8220; alt=&#8220;Autocalunenie&#8220; animation_style=&#8220;fade&#8220; animation_duration=&#8220;500ms&#8220; animation_intensity_slide=&#8220;10%&#8220; animation_direction=&#8220;center&#8220; show_bottom_space=&#8220;on&#8220;]<\/p>\n<p>&nbsp;<\/p>\n<p>[\/et_pb_image][\/et_pb_column][\/et_pb_row][et_pb_row admin_label=&#8220;row&#8220; background_position=&#8220;top_left&#8220; background_repeat=&#8220;repeat&#8220; background_size=&#8220;initial&#8220;][et_pb_column type=&#8220;4_4&#8243;][et_pb_text background_layout=&#8220;dark&#8220; text_orientation=&#8220;left&#8220; background_position=&#8220;top_left&#8220; background_repeat=&#8220;repeat&#8220; background_size=&#8220;initial&#8220;]<\/p>\n<h6><span style=\"color: #f2f2f2;\">\u010dal\u00fanenie, \u010dal\u00fannictvo, \u010dal\u00fannick\u00e9-slu\u017eby, Prievidza, seda\u010dky, sedacie s\u00fapravy, postele, auto\u010dal\u00fanenie, ko\u017een\u00e9, l\u00e1tkov\u00e9, na mieru, roz\u0165ahovacie, funk\u010dn\u00e9, luxusn\u00e9, komfortn\u00e9, modern\u00e9,<\/span><\/h6>\n<p>[\/et_pb_text][\/et_pb_column][\/et_pb_row][\/et_pb_section]<\/p>\n","protected":false},"excerpt":{"rendered":"<p>Seda\u010dky, Sedacie s\u00fapravy &nbsp; &nbsp; Postele &nbsp; &nbsp; Auto\u010dal\u00fanenie\u00a0POZASTAVEN\u00c9 !!! &nbsp; \u010dal\u00fanenie, \u010dal\u00fannictvo, \u010dal\u00fannick\u00e9-slu\u017eby, Prievidza, seda\u010dky, sedacie s\u00fapravy, postele, auto\u010dal\u00fanenie, ko\u017een\u00e9, l\u00e1tkov\u00e9, na mieru, roz\u0165ahovacie, funk\u010dn\u00e9, luxusn\u00e9, komfortn\u00e9, modern\u00e9,<\/p>\n","protected":false},"author":1,"featured_media":0,"parent":0,"menu_order":0,"comment_status":"closed","ping_status":"open","template":"","meta":{"_et_pb_use_builder":"on","_et_pb_old_content":"","_et_gb_content_width":"","footnotes":""},"_links":{"self":[{"href":"https:\/\/www.calunenie-eddyart.sk\/index.php?rest_route=\/wp\/v2\/pages\/66"}],"collection":[{"href":"https:\/\/www.calunenie-eddyart.sk\/index.php?rest_route=\/wp\/v2\/pages"}],"about":[{"href":"https:\/\/www.calunenie-eddyart.sk\/index.php?rest_route=\/wp\/v2\/types\/page"}],"author":[{"embeddable":true,"href":"https:\/\/www.calunenie-eddyart.sk\/index.php?rest_route=\/wp\/v2\/users\/1"}],"replies":[{"embeddable":true,"href":"https:\/\/www.calunenie-eddyart.sk\/index.php?rest_route=%2Fwp%2Fv2%2Fcomments&post=66"}],"version-history":[{"count":29,"href":"https:\/\/www.calunenie-eddyart.sk\/index.php?rest_route=\/wp\/v2\/pages\/66\/revisions"}],"predecessor-version":[{"id":3604,"href":"https:\/\/www.calunenie-eddyart.sk\/index.php?rest_route=\/wp\/v2\/pages\/66\/revisions\/3604"}],"wp:attachment":[{"href":"https:\/\/www.calunenie-eddyart.sk\/index.php?rest_route=%2Fwp%2Fv2%2Fmedia&parent=66"}],"curies":[{"name":"wp","href":"https:\/\/api.w.org\/{rel}","templated":true}]}}