{"id":70,"date":"2015-01-27T14:19:02","date_gmt":"2015-01-27T13:19:02","guid":{"rendered":"http:\/\/www.calunenie-eddyart.sk\/?page_id=70"},"modified":"2016-05-04T13:09:19","modified_gmt":"2016-05-04T12:09:19","slug":"autosedacky","status":"publish","type":"page","link":"https:\/\/www.calunenie-eddyart.sk\/?page_id=70","title":{"rendered":"Auto\u010dal\u00fanenie POZASTAVEN\u00c9 !!!"},"content":{"rendered":"<p>[et_pb_section admin_label=&#8220;section&#8220; fullwidth=&#8220;on&#8220; specialty=&#8220;off&#8220; transparent_background=&#8220;off&#8220; background_color=&#8220;#ffffff&#8220; inner_shadow=&#8220;off&#8220; parallax=&#8220;off&#8220; parallax_method=&#8220;on&#8220; allow_player_pause=&#8220;off&#8220; padding_mobile=&#8220;off&#8220; make_fullwidth=&#8220;off&#8220; use_custom_width=&#8220;off&#8220; width_unit=&#8220;on&#8220; make_equal=&#8220;off&#8220; use_custom_gutter=&#8220;off&#8220; custom_padding=&#8220;|&#8220;][et_pb_fullwidth_slider admin_label=&#8220;auto\u010dalunenie&#8220; show_arrows=&#8220;on&#8220; show_pagination=&#8220;off&#8220; auto=&#8220;off&#8220; parallax=&#8220;on&#8220; parallax_method=&#8220;on&#8220; auto_ignore_hover=&#8220;off&#8220; remove_inner_shadow=&#8220;off&#8220; background_position=&#8220;default&#8220; background_size=&#8220;default&#8220; hide_content_on_mobile=&#8220;off&#8220; hide_cta_on_mobile=&#8220;off&#8220; show_image_video_mobile=&#8220;off&#8220; custom_button=&#8220;off&#8220; button_letter_spacing=&#8220;0&#8243; button_use_icon=&#8220;default&#8220; button_icon_placement=&#8220;right&#8220; button_on_hover=&#8220;on&#8220; button_letter_spacing_hover=&#8220;0&#8243; header_line_height=&#8220;2.5em&#8220; body_line_height=&#8220;1em&#8220; top_padding=&#8220;200px&#8220; bottom_padding=&#8220;200px&#8220;] [et_pb_slide heading=&#8220;PRE VE\u013dK\u00dd PR\u00cdJEM OBJEDN\u00c1VOK \u010cINNOS\u0164 AUTO\u010cAL\u00daNENIE POZASTAVEN\u00c1 !!!&#8220; alignment=&#8220;center&#8220; background_layout=&#8220;dark&#8220; allow_player_pause=&#8220;off&#8220; background_image=&#8220;http:\/\/www.calunenie-eddyart.sk\/eddy\/wp-content\/uploads\/2015\/01\/podstranka-autocalunenie-vrch.jpg&#8220; background_position=&#8220;default&#8220; background_size=&#8220;default&#8220; background_color=&#8220;#ffffff&#8220; header_font_select=&#8220;default&#8220; body_font_select=&#8220;default&#8220; custom_button=&#8220;off&#8220; button_font_select=&#8220;default&#8220; button_use_icon=&#8220;default&#8220; button_icon_placement=&#8220;right&#8220; button_on_hover=&#8220;on&#8220; body_line_height=&#8220;19&#8243; use_bg_overlay=&#8220;off&#8220; use_text_overlay=&#8220;off&#8220; text_border_radius=&#8220;3&#8243; header_font=&#8220;||||&#8220; body_font=&#8220;||||&#8220; body_line_height_tablet=&#8220;19&#8243; body_line_height_phone=&#8220;19&#8243; button_font=&#8220;||||&#8220;] [\/et_pb_slide] [\/et_pb_fullwidth_slider][\/et_pb_section][et_pb_section admin_label=&#8220;section&#8220; fullwidth=&#8220;off&#8220; specialty=&#8220;off&#8220; transparent_background=&#8220;off&#8220; background_color=&#8220;#f2f2f2&#8243; allow_player_pause=&#8220;off&#8220; inner_shadow=&#8220;off&#8220; parallax=&#8220;off&#8220; parallax_method=&#8220;off&#8220;][et_pb_row admin_label=&#8220;row&#8220;][et_pb_column type=&#8220;4_4&#8243;][et_pb_text admin_label=&#8220;Text&#8220; background_layout=&#8220;light&#8220; text_orientation=&#8220;center&#8220; use_border_color=&#8220;off&#8220; border_color=&#8220;#ffffff&#8220; border_style=&#8220;solid&#8220; custom_padding=&#8220;||20px|&#8220;]<\/p>\n<h1 style=\"text-align: center;\"><span style=\"color: #656565;\">VYTVORTE SI INTERI\u00c9R O AKOM SN\u00cdVATE<\/span><\/h1>\n<p>[\/et_pb_text][et_pb_divider admin_label=&#8220;Odde\u013eova\u010d&#8220; color=&#8220;#b5b5b5&#8243; show_divider=&#8220;on&#8220;] [\/et_pb_divider][\/et_pb_column][\/et_pb_row][et_pb_row admin_label=&#8220;row&#8220;][et_pb_column type=&#8220;1_2&#8243;][et_pb_image admin_label=&#8220;Obr\u00e1zok&#8220; src=&#8220;http:\/\/www.calunenie-eddyart.sk\/eddy\/wp-content\/uploads\/2015\/01\/autocalunenie-podstranka-2.jpg&#8220; show_in_lightbox=&#8220;off&#8220; url_new_window=&#8220;off&#8220; animation=&#8220;fade_in&#8220; sticky=&#8220;off&#8220; align=&#8220;left&#8220; force_fullwidth=&#8220;off&#8220; always_center_on_mobile=&#8220;on&#8220; use_border_color=&#8220;off&#8220; border_color=&#8220;#ffffff&#8220; border_style=&#8220;solid&#8220;] [\/et_pb_image][\/et_pb_column][et_pb_column type=&#8220;1_2&#8243;][et_pb_divider admin_label=&#8220;Odde\u013eova\u010d&#8220; color=&#8220;#ffffff&#8220; show_divider=&#8220;off&#8220; height=&#8220;10&#8243; divider_style=&#8220;solid&#8220; divider_position=&#8220;top&#8220; hide_on_mobile=&#8220;on&#8220;] [\/et_pb_divider][et_pb_text admin_label=&#8220;Text&#8220; background_layout=&#8220;light&#8220; text_orientation=&#8220;left&#8220;]<\/p>\n<h2><span style=\"color: #656565;\">M\u00e1te po\u0161koden\u00fa, alebo u\u017e \u00faplne zni\u010den\u00fa autoseda\u010dku ?<\/span><\/h2>\n<p>[\/et_pb_text][et_pb_divider admin_label=&#8220;Odde\u013eova\u010d&#8220; color=&#8220;#b5b5b5&#8243; show_divider=&#8220;on&#8220; height=&#8220;20&#8243; divider_style=&#8220;solid&#8220; divider_position=&#8220;top&#8220; hide_on_mobile=&#8220;on&#8220;] [\/et_pb_divider][et_pb_text admin_label=&#8220;Text&#8220; background_layout=&#8220;light&#8220; text_orientation=&#8220;left&#8220; use_border_color=&#8220;off&#8220; border_color=&#8220;#ffffff&#8220; border_style=&#8220;solid&#8220;]<\/p>\n<h4><span style=\"color: #656565;\">Od jednoduchej opravy, a\u017e po celkov\u00e9 prerobenie dielov <\/span><\/h4>\n<h4><span style=\"color: #656565;\">interi\u00e9ru, sedadiel, autosedadiel, nielen po str\u00e1nke farebnej, ale <\/span><\/h4>\n<h4><span style=\"color: #656565;\">aj tvarovej.<\/span><\/h4>\n<h4><span style=\"color: #656565;\">Pre originalitu v\u00fdsledn\u00e9ho diela, pracujeme hlavne s ko\u017eou, ale<\/span><\/h4>\n<h4><span style=\"color: #656565;\">aj\u00a0in\u00fdmi kvalitn\u00fdmi materi\u00e1lmy napr\u00edklad s alcantarou.<\/span><\/h4>\n<h4><span style=\"color: #656565;\">Pou\u017e\u00edvame len kvalitn\u00e9 automobilov\u00e9 materi\u00e1ly.<\/span><\/h4>\n<p>[\/et_pb_text][\/et_pb_column][\/et_pb_row][\/et_pb_section][et_pb_section admin_label=&#8220;section&#8220; fullwidth=&#8220;off&#8220; specialty=&#8220;off&#8220;][et_pb_row admin_label=&#8220;row&#8220;][et_pb_column type=&#8220;1_2&#8243;][et_pb_divider admin_label=&#8220;Odde\u013eova\u010d&#8220; color=&#8220;#ffffff&#8220; show_divider=&#8220;off&#8220; height=&#8220;25&#8243;] [\/et_pb_divider][et_pb_text admin_label=&#8220;Text&#8220; background_layout=&#8220;light&#8220; text_orientation=&#8220;left&#8220;]<\/p>\n<h2 style=\"text-align: right;\"><span style=\"color: #656565;\">Komunik\u00e1cia so z\u00e1kazn\u00edkom po\u010das v\u00fdroby<\/span><\/h2>\n<p>[\/et_pb_text][et_pb_divider admin_label=&#8220;Odde\u013eova\u010d&#8220; color=&#8220;#b5b5b5&#8243; show_divider=&#8220;on&#8220; height=&#8220;20&#8243; divider_style=&#8220;solid&#8220; divider_position=&#8220;top&#8220; hide_on_mobile=&#8220;on&#8220;] [\/et_pb_divider][et_pb_text admin_label=&#8220;Text&#8220; background_layout=&#8220;light&#8220; text_orientation=&#8220;left&#8220; use_border_color=&#8220;off&#8220; border_color=&#8220;#ffffff&#8220; border_style=&#8220;solid&#8220;]<\/p>\n<h4 style=\"text-align: right;\"><span style=\"color: #656565;\">Komunik\u00e1cia s Vami nekon\u010d\u00ed po zadan\u00ed Va\u0161ej po\u017eiadavky, akt\u00edvne <\/span><\/h4>\n<h4 style=\"text-align: right;\"><span style=\"color: #656565;\">s Vami komunikujeme, a\u017e do ukon\u010denia Va\u0161ej objedn\u00e1vky.<\/span><\/h4>\n<h4 style=\"text-align: right;\"><span style=\"color: #656565;\">Pru\u017ene reagujeme na Va\u0161e pripomienky, m\u00f4\u017ete <\/span><\/h4>\n<h4 style=\"text-align: right;\"><span style=\"color: #656565;\">si otestova\u0165 komfort, \u010di spokojnos\u0165 so seden\u00edm.<\/span><\/h4>\n<h4 style=\"text-align: right;\"><span style=\"color: #656565;\">Jednoducho je len na V\u00e1s, \u010di \u017eiadate zmenu <\/span><\/h4>\n<h4 style=\"text-align: right;\"><span style=\"color: #656565;\">kompletn\u00e9ho interi\u00e9ru V\u00e1\u0161ho auta, alebo iba jeho \u010dast\u00ed.<\/span><\/h4>\n<p>[\/et_pb_text][\/et_pb_column][et_pb_column type=&#8220;1_2&#8243;][et_pb_image admin_label=&#8220;Obr\u00e1zok&#8220; src=&#8220;http:\/\/www.calunenie-eddyart.sk\/eddy\/wp-content\/uploads\/2015\/02\/autocalunenie-podstranka-01.jpg&#8220; show_in_lightbox=&#8220;off&#8220; url_new_window=&#8220;off&#8220; animation=&#8220;right&#8220; sticky=&#8220;on&#8220;] [\/et_pb_image][\/et_pb_column][\/et_pb_row][et_pb_row admin_label=&#8220;row&#8220; make_fullwidth=&#8220;off&#8220; use_custom_width=&#8220;off&#8220; width_unit=&#8220;on&#8220; use_custom_gutter=&#8220;off&#8220; custom_padding=&#8220;1|1&#8243; padding_mobile=&#8220;off&#8220; allow_player_pause=&#8220;off&#8220; parallax=&#8220;off&#8220; parallax_method=&#8220;off&#8220; make_equal=&#8220;off&#8220;][et_pb_column type=&#8220;4_4&#8243;][et_pb_text admin_label=&#8220;Text&#8220; background_layout=&#8220;light&#8220; text_orientation=&#8220;center&#8220; use_border_color=&#8220;off&#8220; border_color=&#8220;#ffffff&#8220; border_style=&#8220;solid&#8220;]<\/p>\n<h2 style=\"text-align: center;\"><span style=\"color: #656565;\">GAL\u00c9RIE<\/span><\/h2>\n<p>[\/et_pb_text][et_pb_divider admin_label=&#8220;Odde\u013eova\u010d&#8220; color=&#8220;#b5b5b5&#8243; show_divider=&#8220;on&#8220; height=&#8220;60&#8243; divider_style=&#8220;solid&#8220; divider_position=&#8220;bottom&#8220; hide_on_mobile=&#8220;on&#8220;] [\/et_pb_divider][\/et_pb_column][\/et_pb_row][et_pb_row admin_label=&#8220;row&#8220; make_fullwidth=&#8220;off&#8220; use_custom_width=&#8220;off&#8220; width_unit=&#8220;on&#8220; use_custom_gutter=&#8220;off&#8220; padding_mobile=&#8220;off&#8220; allow_player_pause=&#8220;off&#8220; parallax=&#8220;off&#8220; parallax_method=&#8220;off&#8220; make_equal=&#8220;off&#8220; custom_padding=&#8220;1|&#8220;][et_pb_column type=&#8220;1_4&#8243;][et_pb_text admin_label=&#8220;Text&#8220; background_layout=&#8220;light&#8220; text_orientation=&#8220;justified&#8220; text_line_height=&#8220;0em&#8220; use_border_color=&#8220;off&#8220; border_color=&#8220;#ffffff&#8220; border_style=&#8220;solid&#8220; custom_padding=&#8220;-100|||&#8220;]<\/p>\n<h3 style=\"text-align: center;\"><span style=\"color: #656565;\"><a title=\"VOLANTY\" href=\"http:\/\/www.calunenie-eddyart.sk\/project\/volanty\/\" target=\"_blank\">VOLANTY<\/a><\/span><\/h3>\n<p>[\/et_pb_text][\/et_pb_column][et_pb_column type=&#8220;1_4&#8243;][et_pb_text admin_label=&#8220;Text&#8220; background_layout=&#8220;light&#8220; text_orientation=&#8220;center&#8220;]<\/p>\n<h3 style=\"text-align: center;\"><a title=\"TAPACIRY\" href=\"http:\/\/www.calunenie-eddyart.sk\/project\/tapaciry-autointerier\/\" target=\"_blank\"><span style=\"color: #656565;\">PALUBN\u00c9 DOSKY<\/span><\/a><\/h3>\n<p>[\/et_pb_text][\/et_pb_column][et_pb_column type=&#8220;1_4&#8243;][et_pb_text admin_label=&#8220;Text&#8220; background_layout=&#8220;light&#8220; text_orientation=&#8220;center&#8220;]<\/p>\n<h3 style=\"text-align: center;\"><span style=\"color: #656565;\"><a title=\"AUTOSEDACKY\" href=\"http:\/\/www.calunenie-eddyart.sk\/project\/autosedacky-precalunenie\/\" target=\"_blank\">AUTOSEDA\u010cKY<\/a><\/span><\/h3>\n<p>[\/et_pb_text][\/et_pb_column][et_pb_column type=&#8220;1_4&#8243;][et_pb_text admin_label=&#8220;Text&#8220; background_layout=&#8220;light&#8220; text_orientation=&#8220;center&#8220;]<\/p>\n<h3 style=\"text-align: center;\"><span style=\"color: #656565;\"><a style=\"color: #656565;\" title=\"KAPOTY\" href=\"http:\/\/www.calunenie-eddyart.sk\/project\/kozene-kryty-kapoty\/\" target=\"_blank\">KAPOTY<\/a><\/span><\/h3>\n<p>[\/et_pb_text][\/et_pb_column][\/et_pb_row][\/et_pb_section][et_pb_section admin_label=&#8220;section&#8220; fullwidth=&#8220;on&#8220; specialty=&#8220;off&#8220;][et_pb_fullwidth_portfolio admin_label=&#8220;Portf\u00f3lio na cel\u00fa \u0161\u00edrku&#8220; fullwidth=&#8220;on&#8220; include_categories=&#8220;11,10,12,13&#8243; show_title=&#8220;on&#8220; show_date=&#8220;off&#8220; background_layout=&#8220;light&#8220; auto=&#8220;off&#8220;] [\/et_pb_fullwidth_portfolio][\/et_pb_section][et_pb_section admin_label=&#8220;section&#8220; fullwidth=&#8220;off&#8220; specialty=&#8220;off&#8220; transparent_background=&#8220;off&#8220; background_color=&#8220;#f2f2f2&#8243; allow_player_pause=&#8220;off&#8220; inner_shadow=&#8220;off&#8220; parallax=&#8220;off&#8220; parallax_method=&#8220;off&#8220;][et_pb_row admin_label=&#8220;row&#8220;][et_pb_column type=&#8220;4_4&#8243;][et_pb_text admin_label=&#8220;Text&#8220; background_layout=&#8220;dark&#8220; text_orientation=&#8220;left&#8220;]<\/p>\n<p><span style=\"color: #f2f2f2;\">\u010dal\u00fanenie, \u010dal\u00fannictvo, \u010dal\u00fannick\u00e9-slu\u017eby, Prievidza, seda\u010dky, sedacie s\u00fapravy, postele, auto\u010dal\u00fanenie, ko\u017een\u00e9, l\u00e1tkov\u00e9, na mieru, roz\u0165ahovacie, funk\u010dn\u00e9, luxusn\u00e9, komfortn\u00e9, modern\u00e9,<\/span><\/p>\n<p>[\/et_pb_text][\/et_pb_column][\/et_pb_row][\/et_pb_section][et_pb_section admin_label=&#8220;section&#8220; fullwidth=&#8220;off&#8220; specialty=&#8220;off&#8220; background_image=&#8220;http:\/\/www.calunenie-eddyart.sk\/eddy\/wp-content\/uploads\/2015\/01\/podstranka-autocalunenie-spodok-2.jpg&#8220; transparent_background=&#8220;off&#8220; background_color=&#8220;#ffffff&#8220; inner_shadow=&#8220;off&#8220; parallax=&#8220;off&#8220; parallax_method=&#8220;off&#8220;][et_pb_row admin_label=&#8220;row&#8220;][et_pb_column type=&#8220;4_4&#8243;][et_pb_cta admin_label=&#8220;Call To Action&#8220; title=&#8220;Luxus a Sen&#8220; button_url=&#8220;http:\/\/www.calunenie-eddyart.sk\/kontakt-2\/&#8220; button_text=&#8220;Kontaktujte n\u00e1s&#8220; use_background_color=&#8220;off&#8220; background_color=&#8220;#4f4f4f&#8220; background_layout=&#8220;dark&#8220; text_orientation=&#8220;center&#8220;]<\/p>\n<p style=\"text-align: center;\">Ak aj Vy chcete ma\u0165 auto-<\/p>\n<p style=\"text-align: center;\">interi\u00e9r svojich snov<\/p>\n<p>[\/et_pb_cta][\/et_pb_column][\/et_pb_row][\/et_pb_section]<\/p>\n","protected":false},"excerpt":{"rendered":"<p>VYTVORTE SI INTERI\u00c9R O AKOM SN\u00cdVATE M\u00e1te po\u0161koden\u00fa, alebo u\u017e \u00faplne zni\u010den\u00fa autoseda\u010dku ? Od jednoduchej opravy, a\u017e po celkov\u00e9 prerobenie dielov interi\u00e9ru, sedadiel, autosedadiel, nielen po str\u00e1nke farebnej, ale aj tvarovej. Pre originalitu v\u00fdsledn\u00e9ho diela, pracujeme hlavne s ko\u017eou, ale aj\u00a0in\u00fdmi kvalitn\u00fdmi materi\u00e1lmy napr\u00edklad s alcantarou. Pou\u017e\u00edvame len kvalitn\u00e9 automobilov\u00e9 materi\u00e1ly. Komunik\u00e1cia so z\u00e1kazn\u00edkom [&hellip;]<\/p>\n","protected":false},"author":1,"featured_media":0,"parent":66,"menu_order":3,"comment_status":"closed","ping_status":"open","template":"","meta":{"_et_pb_use_builder":"on","_et_pb_old_content":"","_et_gb_content_width":"","footnotes":""},"_links":{"self":[{"href":"https:\/\/www.calunenie-eddyart.sk\/index.php?rest_route=\/wp\/v2\/pages\/70"}],"collection":[{"href":"https:\/\/www.calunenie-eddyart.sk\/index.php?rest_route=\/wp\/v2\/pages"}],"about":[{"href":"https:\/\/www.calunenie-eddyart.sk\/index.php?rest_route=\/wp\/v2\/types\/page"}],"author":[{"embeddable":true,"href":"https:\/\/www.calunenie-eddyart.sk\/index.php?rest_route=\/wp\/v2\/users\/1"}],"replies":[{"embeddable":true,"href":"https:\/\/www.calunenie-eddyart.sk\/index.php?rest_route=%2Fwp%2Fv2%2Fcomments&post=70"}],"version-history":[{"count":177,"href":"https:\/\/www.calunenie-eddyart.sk\/index.php?rest_route=\/wp\/v2\/pages\/70\/revisions"}],"predecessor-version":[{"id":2052,"href":"https:\/\/www.calunenie-eddyart.sk\/index.php?rest_route=\/wp\/v2\/pages\/70\/revisions\/2052"}],"up":[{"embeddable":true,"href":"https:\/\/www.calunenie-eddyart.sk\/index.php?rest_route=\/wp\/v2\/pages\/66"}],"wp:attachment":[{"href":"https:\/\/www.calunenie-eddyart.sk\/index.php?rest_route=%2Fwp%2Fv2%2Fmedia&parent=70"}],"curies":[{"name":"wp","href":"https:\/\/api.w.org\/{rel}","templated":true}]}}