{"id":72,"date":"2015-01-27T14:19:16","date_gmt":"2015-01-27T13:19:16","guid":{"rendered":"http:\/\/www.calunenie-eddyart.sk\/?page_id=72"},"modified":"2018-08-02T12:46:50","modified_gmt":"2018-08-02T11:46:50","slug":"postele","status":"publish","type":"page","link":"https:\/\/www.calunenie-eddyart.sk\/?page_id=72","title":{"rendered":"Postele"},"content":{"rendered":"<p>[et_pb_section bb_built=&#8220;1&#8243; admin_label=&#8220;section&#8220; fullwidth=&#8220;on&#8220; specialty=&#8220;off&#8220; transparent_background=&#8220;on&#8220; background_color=&#8220;rgba(255,255,255,0)&#8220; inner_shadow=&#8220;off&#8220; parallax=&#8220;off&#8220; parallax_method=&#8220;on&#8220; allow_player_pause=&#8220;off&#8220; custom_padding=&#8220;200||200|&#8220; padding_mobile=&#8220;off&#8220; make_fullwidth=&#8220;off&#8220; use_custom_width=&#8220;off&#8220; width_unit=&#8220;on&#8220; make_equal=&#8220;off&#8220; use_custom_gutter=&#8220;off&#8220; custom_padding_tablet=&#8220;50px|0|50px|0&#8243; custom_padding_last_edited=&#8220;on|desktop&#8220; next_background_color=&#8220;#fcfcfc&#8220;][et_pb_fullwidth_slider admin_label=&#8220;postele&#8220; show_arrows=&#8220;off&#8220; show_pagination=&#8220;off&#8220; auto=&#8220;off&#8220; parallax=&#8220;on&#8220; parallax_method=&#8220;on&#8220; remove_inner_shadow=&#8220;off&#8220; background_position=&#8220;default&#8220; background_size=&#8220;default&#8220; hide_content_on_mobile=&#8220;off&#8220; hide_cta_on_mobile=&#8220;off&#8220; show_image_video_mobile=&#8220;off&#8220; body_line_height=&#8220;2em&#8220; custom_button=&#8220;off&#8220; button_letter_spacing=&#8220;0&#8243; button_use_icon=&#8220;default&#8220; button_icon_placement=&#8220;right&#8220; button_on_hover=&#8220;on&#8220; button_letter_spacing_hover=&#8220;0&#8243; top_padding=&#8220;200&#8243; bottom_padding=&#8220;200&#8243; auto_ignore_hover=&#8220;off&#8220; custom_padding=&#8220;200||200|&#8220; custom_padding_tablet=&#8220;|||&#8220; custom_padding_phone=&#8220;|||&#8220; show_inner_shadow=&#8220;on&#8220; show_content_on_mobile=&#8220;on&#8220; show_cta_on_mobile=&#8220;on&#8220; box_shadow_horizontal=&#8220;0px&#8220; box_shadow_vertical=&#8220;0px&#8220; box_shadow_blur=&#8220;10px&#8220; box_shadow_spread=&#8220;0px&#8220; box_shadow_position=&#8220;inner&#8220; box_shadow_color=&#8220;rgba(0,0,0,0.1)&#8220; box_shadow_style=&#8220;preset6&#8243;][et_pb_slide heading=&#8220;\u010cAL\u00daNEN\u00c9 POSTELE NA MIERU&#8220; alignment=&#8220;center&#8220; background_layout=&#8220;light&#8220; allow_player_pause=&#8220;off&#8220; background_position=&#8220;default&#8220; background_size=&#8220;default&#8220; background_color=&#8220;#ffffff&#8220; header_font_select=&#8220;default&#8220; body_font_select=&#8220;default&#8220; custom_button=&#8220;off&#8220; button_font_select=&#8220;default&#8220; button_use_icon=&#8220;default&#8220; button_icon_placement=&#8220;right&#8220; button_on_hover=&#8220;on&#8220; background_image=&#8220;http:\/\/www.calunenie-eddyart.sk\/eddy\/wp-content\/uploads\/2015\/01\/podstranka-postel-vrch.png&#8220;] [\/et_pb_slide][\/et_pb_fullwidth_slider][\/et_pb_section][et_pb_section bb_built=&#8220;1&#8243; admin_label=&#8220;section&#8220; transparent_background=&#8220;off&#8220; background_color=&#8220;#fcfcfc&#8220; inner_shadow=&#8220;off&#8220; parallax=&#8220;on&#8220; parallax_method=&#8220;off&#8220; allow_player_pause=&#8220;off&#8220; prev_background_color=&#8220;rgba(255,255,255,0)&#8220; next_background_color=&#8220;#f2f2f2&#8243;][et_pb_row admin_label=&#8220;row&#8220; background_position=&#8220;top_left&#8220; background_repeat=&#8220;repeat&#8220; background_size=&#8220;initial&#8220;][et_pb_column type=&#8220;4_4&#8243;][et_pb_text background_layout=&#8220;light&#8220; text_orientation=&#8220;center&#8220; text_line_height=&#8220;2em&#8220; use_border_color=&#8220;off&#8220; border_color=&#8220;#ffffff&#8220; border_style=&#8220;solid&#8220; custom_padding=&#8220;1||40|&#8220; text_font_size=&#8220;20&#8243; background_position=&#8220;top_left&#8220; background_repeat=&#8220;repeat&#8220; background_size=&#8220;initial&#8220; module_alignment=&#8220;center&#8220;]<\/p>\n<h1 style=\"text-align: center;\"><span style=\"color: #656565;\">\u010cAL\u00daNEN\u00c9 POSTELE NAVRHNUT\u00c9 PRE VA\u0160U N\u00c1DHERN\u00da SP\u00c1L\u0147U<\/span><\/h1>\n<p>[\/et_pb_text][et_pb_divider color=&#8220;#b5b5b5&#8243; show_divider=&#8220;on&#8220; disabled_on=&#8220;on|on|off&#8220;]<\/p>\n<p>&nbsp;<\/p>\n<p>[\/et_pb_divider][\/et_pb_column][\/et_pb_row][et_pb_row admin_label=&#8220;row&#8220; background_position=&#8220;top_left&#8220; background_repeat=&#8220;repeat&#8220; background_size=&#8220;initial&#8220;][et_pb_column type=&#8220;1_2&#8243;][et_pb_divider color=&#8220;#ffffff&#8220; show_divider=&#8220;off&#8220; divider_style=&#8220;solid&#8220; divider_position=&#8220;top&#8220; hide_on_mobile=&#8220;on&#8220; disabled_on=&#8220;on|on|off&#8220; \/][et_pb_image admin_label=&#8220;postel 1&#8243; src=&#8220;http:\/\/www.calunenie-eddyart.sk\/eddy\/wp-content\/uploads\/2015\/02\/postele-galeria01-luxusne-calunene-kozene-latkove-14.jpg&#8220; show_in_lightbox=&#8220;on&#8220; url_new_window=&#8220;off&#8220; animation=&#8220;left&#8220; sticky=&#8220;off&#8220; animation_style=&#8220;slide&#8220; animation_duration=&#8220;500ms&#8220; animation_intensity_slide=&#8220;10%&#8220; animation_direction=&#8220;left&#8220; show_bottom_space=&#8220;on&#8220;]<\/p>\n<p>&nbsp;<\/p>\n<p>[\/et_pb_image][\/et_pb_column][et_pb_column type=&#8220;1_2&#8243;][et_pb_divider color=&#8220;#b5b5b5&#8243; show_divider=&#8220;off&#8220; height=&#8220;10&#8243; disabled_on=&#8220;on|on|off&#8220;]<\/p>\n<p>&nbsp;<\/p>\n<p>[\/et_pb_divider][et_pb_text background_layout=&#8220;light&#8220; text_orientation=&#8220;left&#8220; background_position=&#8220;top_left&#8220; background_repeat=&#8220;repeat&#8220; background_size=&#8220;initial&#8220;]<\/p>\n<h2><span style=\"color: #656565;\">Iba kvalitn\u00e9 materi\u00e1ly urobia Va\u0161u poste\u013e naozaj jedine\u010dnou<\/span><\/h2>\n<p>[\/et_pb_text][et_pb_divider color=&#8220;#b5b5b5&#8243; show_divider=&#8220;on&#8220; height=&#8220;20&#8243; divider_style=&#8220;solid&#8220; divider_position=&#8220;top&#8220; hide_on_mobile=&#8220;on&#8220; disabled_on=&#8220;on|on|off&#8220;]<\/p>\n<p>&nbsp;<\/p>\n<p>[\/et_pb_divider][et_pb_text background_layout=&#8220;light&#8220; text_orientation=&#8220;left&#8220; use_border_color=&#8220;off&#8220; border_color=&#8220;#ffffff&#8220; border_style=&#8220;solid&#8220; background_position=&#8220;top_left&#8220; background_repeat=&#8220;repeat&#8220; background_size=&#8220;initial&#8220;]<\/p>\n<h4><span style=\"color: #656565;\">Na\u0161e vysokokvalitn\u00e9 r\u00e1my postel\u00ed s\u00fa zhotovovan\u00e9 <\/span><\/h4>\n<h4><span style=\"color: #656565;\">z najkvalitnej\u0161\u00edch a najvyspelej\u0161\u00edch materi\u00e1lov.<\/span><\/h4>\n<h4><span style=\"color: #656565;\">Mo\u017enos\u0165 v\u00fdberu \u010dal\u00fanenia od kvalitnej alcantary, a\u017e <\/span><\/h4>\n<h4><span style=\"color: #656565;\">po komfortn\u00fa ko\u017eu r\u00f4znych farieb.<\/span><\/h4>\n<h4><span style=\"color: #656565;\">Zvo\u013ete si antialergick\u00e9 matrace, od molit\u00e1nov\u00fdch, a\u017e po <\/span><\/h4>\n<h4><span style=\"color: #656565;\">matrace s pou\u017eit\u00edm pam\u00e4\u0165ovej peny ak\u00fdchko\u013evek rozmerov.<\/span><\/h4>\n<h4><span style=\"color: #656565;\">Len postele z t\u00fdchto materi\u00e1lov V\u00e1m zaru\u010dia dlh\u00fa \u017eivotnos\u0165.<\/span><\/h4>\n<p>[\/et_pb_text][\/et_pb_column][\/et_pb_row][\/et_pb_section][et_pb_section bb_built=&#8220;1&#8243; admin_label=&#8220;section&#8220; fullwidth=&#8220;off&#8220; specialty=&#8220;off&#8220; transparent_background=&#8220;off&#8220; background_color=&#8220;#f2f2f2&#8243; allow_player_pause=&#8220;off&#8220; inner_shadow=&#8220;off&#8220; parallax=&#8220;off&#8220; parallax_method=&#8220;off&#8220; prev_background_color=&#8220;#fcfcfc&#8220; next_background_color=&#8220;#ffffff&#8220;][et_pb_row admin_label=&#8220;row&#8220; background_position=&#8220;top_left&#8220; background_repeat=&#8220;repeat&#8220; background_size=&#8220;initial&#8220;][et_pb_column type=&#8220;1_2&#8243;][et_pb_divider color=&#8220;#ffffff&#8220; show_divider=&#8220;off&#8220; height=&#8220;50&#8243; disabled_on=&#8220;on|on|off&#8220;]<\/p>\n<p>&nbsp;<\/p>\n<p>[\/et_pb_divider][et_pb_text background_layout=&#8220;light&#8220; text_orientation=&#8220;right&#8220; background_position=&#8220;top_left&#8220; background_repeat=&#8220;repeat&#8220; background_size=&#8220;initial&#8220;]<\/p>\n<h2><span style=\"color: #656565;\">Zameranie na detail a natur\u00e1lne proporcie<\/span><\/h2>\n<p>[\/et_pb_text][et_pb_divider color=&#8220;#b5b5b5&#8243; show_divider=&#8220;on&#8220; height=&#8220;20&#8243; divider_style=&#8220;solid&#8220; divider_position=&#8220;top&#8220; hide_on_mobile=&#8220;on&#8220; disabled_on=&#8220;on|on|off&#8220;]<\/p>\n<p>&nbsp;<\/p>\n<p>[\/et_pb_divider][et_pb_text background_layout=&#8220;light&#8220; text_orientation=&#8220;right&#8220; use_border_color=&#8220;off&#8220; border_color=&#8220;#ffffff&#8220; border_style=&#8220;solid&#8220; background_position=&#8220;top_left&#8220; background_repeat=&#8220;repeat&#8220; background_size=&#8220;initial&#8220;]<\/p>\n<h4><span style=\"color: #656565;\">Prec\u00edznos\u0165 v\u00fdroby a dlhoro\u010dn\u00e1 prax v obore zaru\u010duje, \u017ee va\u0161a poste\u013e <\/span><\/h4>\n<h4><span style=\"color: #656565;\">bude unik\u00e1tna, jedine\u010dn\u00e1 a zapasuje do akejko\u013evek sp\u00e1lne.<\/span><\/h4>\n<h4><span style=\"color: #656565;\">Te\u0161\u00ed n\u00e1s\u00a0premie\u0148a\u0165 Vami vysn\u00edvan\u00fa poste\u013e v skuto\u010dnos\u0165.<\/span><\/h4>\n<h4><span style=\"color: #656565;\">Po\u010das v\u00fdroby neust\u00e1le komunikujeme so z\u00e1kazn\u00edkom <\/span><\/h4>\n<h4><span style=\"color: #656565;\">a dola\u010fujeme detaily.<\/span><\/h4>\n<p>[\/et_pb_text][\/et_pb_column][et_pb_column type=&#8220;1_2&#8243;][et_pb_image admin_label=&#8220;postel 2&#8243; src=&#8220;http:\/\/www.calunenie-eddyart.sk\/eddy\/wp-content\/uploads\/2015\/01\/postele-galeria01-luxusne-calunene-kozene-latkove-4.png&#8220; url=&#8220;http:\/\/www.calunenie-eddyart.sk\/?project=postele&#8220; animation_style=&#8220;slide&#8220; animation_duration=&#8220;500ms&#8220; animation_intensity_slide=&#8220;10%&#8220; animation_direction=&#8220;right&#8220; _builder_version=&#8220;3.5.1&#8243;]<\/p>\n<p>&nbsp;<\/p>\n<p>[\/et_pb_image][\/et_pb_column][\/et_pb_row][\/et_pb_section][et_pb_section bb_built=&#8220;1&#8243; admin_label=&#8220;section&#8220; fullwidth=&#8220;off&#8220; specialty=&#8220;off&#8220; prev_background_color=&#8220;#f2f2f2&#8243; next_background_color=&#8220;#000000&#8243;][et_pb_row admin_label=&#8220;row&#8220; background_position=&#8220;top_left&#8220; background_repeat=&#8220;repeat&#8220; background_size=&#8220;initial&#8220;][et_pb_column type=&#8220;4_4&#8243;][et_pb_text background_layout=&#8220;light&#8220; text_orientation=&#8220;left&#8220; background_position=&#8220;top_left&#8220; background_repeat=&#8220;repeat&#8220; background_size=&#8220;initial&#8220;]<\/p>\n<h2 style=\"text-align: center;\"><a title=\"Postele\" href=\"http:\/\/www.calunenie-eddyart.sk\/project\/postele\/\" target=\"_blank\" rel=\"noopener\"><span style=\"color: #656565;\">Vychutnajte si dotyk s Va\u0161ou postelou v gal\u00e9rii<\/span><\/a><\/h2>\n<p>[\/et_pb_text][\/et_pb_column][\/et_pb_row][et_pb_row admin_label=&#8220;row&#8220; background_position=&#8220;top_left&#8220; background_repeat=&#8220;repeat&#8220; background_size=&#8220;initial&#8220;][et_pb_column type=&#8220;1_3&#8243;][et_pb_portfolio admin_label=&#8220;Portfolio&#8220; fullwidth=&#8220;off&#8220; posts_number=&#8220;15&#8243; show_title=&#8220;off&#8220; show_categories=&#8220;off&#8220; include_categories=&#8220;8&#8243; background_position=&#8220;top_left&#8220; background_repeat=&#8220;repeat&#8220; background_size=&#8220;initial&#8220; _builder_version=&#8220;3.5.1&#8243; zoom_icon_color=&#8220;#4f4f4f&#8220; hover_overlay_color=&#8220;rgba(255,255,255,0.9)&#8220;]<\/p>\n<p>&nbsp;<\/p>\n<p>[\/et_pb_portfolio][\/et_pb_column][et_pb_column type=&#8220;2_3&#8243;][et_pb_image admin_label=&#8220;Sipka&#8220; src=&#8220;http:\/\/www.calunenie-eddyart.sk\/eddy\/wp-content\/uploads\/2015\/01\/sipka-postel-do-lava.png&#8220; url=&#8220;http:\/\/www.calunenie-eddyart.sk\/?project=postele&#8220; url_new_window=&#8220;on&#8220; animation_style=&#8220;slide&#8220; animation_duration=&#8220;500ms&#8220; animation_intensity_slide=&#8220;10%&#8220; animation_direction=&#8220;right&#8220; _builder_version=&#8220;3.5.1&#8243;]<\/p>\n<p>&nbsp;<\/p>\n<p>[\/et_pb_image][\/et_pb_column][\/et_pb_row][et_pb_row admin_label=&#8220;row&#8220; background_position=&#8220;top_left&#8220; background_repeat=&#8220;repeat&#8220; background_size=&#8220;initial&#8220;][et_pb_column type=&#8220;4_4&#8243;][et_pb_text background_layout=&#8220;dark&#8220; text_orientation=&#8220;left&#8220; background_position=&#8220;top_left&#8220; background_repeat=&#8220;repeat&#8220; background_size=&#8220;initial&#8220;]<\/p>\n<h6><span style=\"color: #ffffff;\">luxusn\u00e9 postele, \u010dal\u00fanen\u00e9, ko\u017een\u00e9 postele, komfortn\u00e9 postele, modern\u00e9 poste\u013e, prievidza postele, \u010dal\u00fanenie postel\u00ed, postele s \u00falo\u017en\u00fdm priestorom, postele na mieru, v\u00fdroba postel\u00ed, slovensk\u00e9 postele,<\/span><\/h6>\n<p>[\/et_pb_text][\/et_pb_column][\/et_pb_row][\/et_pb_section][et_pb_section bb_built=&#8220;1&#8243; admin_label=&#8220;section&#8220; fullwidth=&#8220;off&#8220; specialty=&#8220;off&#8220; background_image=&#8220;http:\/\/www.calunenie-eddyart.sk\/eddy\/wp-content\/uploads\/2015\/01\/podstranka-postele-spodok.jpg&#8220; transparent_background=&#8220;off&#8220; background_color=&#8220;#ffffff&#8220; inner_shadow=&#8220;off&#8220; parallax=&#8220;off&#8220; parallax_method=&#8220;off&#8220; prev_background_color=&#8220;#ffffff&#8220;][et_pb_row admin_label=&#8220;row&#8220; background_position=&#8220;top_left&#8220; background_repeat=&#8220;repeat&#8220; background_size=&#8220;initial&#8220;][et_pb_column type=&#8220;4_4&#8243;][et_pb_cta admin_label=&#8220;Call To Action&#8220; title=&#8220;Modern\u00e9 Materi\u00e1ly&#8220; button_url=&#8220;http:\/\/www.calunenie-eddyart.sk\/?page_id=545&#8243; button_text=&#8220;Kontaktujte n\u00e1s&#8220; use_background_color=&#8220;off&#8220; background_position=&#8220;top_left&#8220; background_repeat=&#8220;repeat&#8220; background_size=&#8220;initial&#8220; _builder_version=&#8220;3.5.1&#8243;]<\/p>\n<p style=\"text-align: center;\">Pou\u017eitie modern\u00fdch materi\u00e1lov, pri<\/p>\n<p style=\"text-align: center;\">v\u00fdbere odborn\u00e9 poradenstvo<\/p>\n<p>[\/et_pb_cta][\/et_pb_column][\/et_pb_row][\/et_pb_section]<\/p>\n","protected":false},"excerpt":{"rendered":"<p>\u010cAL\u00daNEN\u00c9 POSTELE NAVRHNUT\u00c9 PRE VA\u0160U N\u00c1DHERN\u00da SP\u00c1L\u0147U &nbsp; &nbsp; &nbsp; Iba kvalitn\u00e9 materi\u00e1ly urobia Va\u0161u poste\u013e naozaj jedine\u010dnou &nbsp; Na\u0161e vysokokvalitn\u00e9 r\u00e1my postel\u00ed s\u00fa zhotovovan\u00e9 z najkvalitnej\u0161\u00edch a najvyspelej\u0161\u00edch materi\u00e1lov. Mo\u017enos\u0165 v\u00fdberu \u010dal\u00fanenia od kvalitnej alcantary, a\u017e po komfortn\u00fa ko\u017eu r\u00f4znych farieb. Zvo\u013ete si antialergick\u00e9 matrace, od molit\u00e1nov\u00fdch, a\u017e po matrace s pou\u017eit\u00edm pam\u00e4\u0165ovej peny [&hellip;]<\/p>\n","protected":false},"author":1,"featured_media":0,"parent":66,"menu_order":2,"comment_status":"closed","ping_status":"open","template":"","meta":{"_et_pb_use_builder":"on","_et_pb_old_content":"","_et_gb_content_width":"","footnotes":""},"_links":{"self":[{"href":"https:\/\/www.calunenie-eddyart.sk\/index.php?rest_route=\/wp\/v2\/pages\/72"}],"collection":[{"href":"https:\/\/www.calunenie-eddyart.sk\/index.php?rest_route=\/wp\/v2\/pages"}],"about":[{"href":"https:\/\/www.calunenie-eddyart.sk\/index.php?rest_route=\/wp\/v2\/types\/page"}],"author":[{"embeddable":true,"href":"https:\/\/www.calunenie-eddyart.sk\/index.php?rest_route=\/wp\/v2\/users\/1"}],"replies":[{"embeddable":true,"href":"https:\/\/www.calunenie-eddyart.sk\/index.php?rest_route=%2Fwp%2Fv2%2Fcomments&post=72"}],"version-history":[{"count":139,"href":"https:\/\/www.calunenie-eddyart.sk\/index.php?rest_route=\/wp\/v2\/pages\/72\/revisions"}],"predecessor-version":[{"id":3617,"href":"https:\/\/www.calunenie-eddyart.sk\/index.php?rest_route=\/wp\/v2\/pages\/72\/revisions\/3617"}],"up":[{"embeddable":true,"href":"https:\/\/www.calunenie-eddyart.sk\/index.php?rest_route=\/wp\/v2\/pages\/66"}],"wp:attachment":[{"href":"https:\/\/www.calunenie-eddyart.sk\/index.php?rest_route=%2Fwp%2Fv2%2Fmedia&parent=72"}],"curies":[{"name":"wp","href":"https:\/\/api.w.org\/{rel}","templated":true}]}}